{"id":3611,"date":"2026-03-03T10:20:19","date_gmt":"2026-03-03T02:20:19","guid":{"rendered":"https:\/\/mtgrassturf.com\/?post_type=product&#038;p=3611"},"modified":"2026-03-11T09:46:19","modified_gmt":"2026-03-11T01:46:19","slug":"residential-artificial-grass","status":"publish","type":"product","link":"https:\/\/www.mightygrass.com\/sv\/product\/residential-artificial-grass\/","title":{"rendered":"MT-ERET YORK"},"content":{"rendered":"<p>Denna tr\u00e4dg\u00e5rdsgr\u00e4s \u00e4r designad speciellt f\u00f6r exklusiva privata bost\u00e4der och tr\u00e4dg\u00e5rdar, och blandar estetik, komfort och h\u00e5llbarhet. Gr\u00e4sbladsdesignen av ERET Y-typ s\u00e4kerst\u00e4ller en j\u00e4mn, t\u00e4t yta som \u00e5terskapar det uts\u00f6kta utseendet av naturligt gr\u00e4s. Gr\u00e4sstr\u00e5na \u00e4r inb\u00e4ddade med antibakteriell teknologi, vilket effektivt minskar bakterietillv\u00e4xt och bibeh\u00e5ller gr\u00e4smattans renhet och hygien \u00f6ver tid. F\u00e4rgtonen tillf\u00f6r en djup och elegant atmosf\u00e4r till tr\u00e4dg\u00e5rden, vilket g\u00f6r den perfekt f\u00f6r att integreras med naturliga landskap och dekorativa element, vilket f\u00f6rb\u00e4ttrar tr\u00e4dg\u00e5rdens \u00f6vergripande design. Denna gr\u00e4smatta erbjuder inte bara utm\u00e4rkt v\u00e4derbest\u00e4ndighet utan beh\u00e5ller ocks\u00e5 sin livfulla f\u00e4rg och strukturella stabilitet under olika klimatf\u00f6rh\u00e5llanden.<\/p>","protected":false},"excerpt":{"rendered":"<p>Denna tr\u00e4dg\u00e5rdsgr\u00e4s \u00e4r designad speciellt f\u00f6r exklusiva privata bost\u00e4der och tr\u00e4dg\u00e5rdar, och blandar estetik, komfort och h\u00e5llbarhet. Gr\u00e4sbladsdesignen av ERET Y-typ s\u00e4kerst\u00e4ller en j\u00e4mn, t\u00e4t yta som replikerar det uts\u00f6kta utseendet av naturligt gr\u00e4s. Gr\u00e4sstr\u00e5na \u00e4r inb\u00e4ddade med antibakteriell teknologi, vilket effektivt minskar bakterietillv\u00e4xt och bibeh\u00e5ller gr\u00e4smattans renhet och hygien [\u2026]<\/p>","protected":false},"author":6,"featured_media":3615,"menu_order":0,"comment_status":"closed","ping_status":"closed","template":"","format":"standard","meta":{"_acf_changed":false,"_seopress_robots_primary_cat":"none","_seopress_titles_title":"MT-ERET YORK Artificial Grass %%sep%% %%sitetitle%%","_seopress_titles_desc":"","_seopress_robots_index":"","ub_ctt_via":"","footnotes":""},"products-category":[80,79,38,54],"product-tags":[],"class_list":["post-3611","product","type-product","status-publish","format-standard","has-post-thumbnail","hentry","products-category-landscape-turf","products-category-recycle-artificial-grass","products-category-residential","products-category-star-product"],"acf":[],"_links":{"self":[{"href":"https:\/\/www.mightygrass.com\/sv\/wp-json\/wp\/v2\/product\/3611","targetHints":{"allow":["GET"]}}],"collection":[{"href":"https:\/\/www.mightygrass.com\/sv\/wp-json\/wp\/v2\/product"}],"about":[{"href":"https:\/\/www.mightygrass.com\/sv\/wp-json\/wp\/v2\/types\/product"}],"author":[{"embeddable":true,"href":"https:\/\/www.mightygrass.com\/sv\/wp-json\/wp\/v2\/users\/6"}],"replies":[{"embeddable":true,"href":"https:\/\/www.mightygrass.com\/sv\/wp-json\/wp\/v2\/comments?post=3611"}],"version-history":[{"count":2,"href":"https:\/\/www.mightygrass.com\/sv\/wp-json\/wp\/v2\/product\/3611\/revisions"}],"predecessor-version":[{"id":15193,"href":"https:\/\/www.mightygrass.com\/sv\/wp-json\/wp\/v2\/product\/3611\/revisions\/15193"}],"wp:featuredmedia":[{"embeddable":true,"href":"https:\/\/www.mightygrass.com\/sv\/wp-json\/wp\/v2\/media\/3615"}],"wp:attachment":[{"href":"https:\/\/www.mightygrass.com\/sv\/wp-json\/wp\/v2\/media?parent=3611"}],"wp:term":[{"taxonomy":"products-category","embeddable":true,"href":"https:\/\/www.mightygrass.com\/sv\/wp-json\/wp\/v2\/products-category?post=3611"},{"taxonomy":"product-tags","embeddable":true,"href":"https:\/\/www.mightygrass.com\/sv\/wp-json\/wp\/v2\/product-tags?post=3611"}],"curies":[{"name":"wp","href":"https:\/\/api.w.org\/{rel}","templated":true}]}}